{"id":231,"date":"2018-04-09T15:42:20","date_gmt":"2018-04-09T15:42:20","guid":{"rendered":"https:\/\/www.restaurantetrigo.com\/wp\/?page_id=231"},"modified":"2024-10-16T02:24:05","modified_gmt":"2024-10-16T02:24:05","slug":"rosados","status":"publish","type":"page","link":"https:\/\/www.restaurantetrigo.com\/wp\/rosados\/","title":{"rendered":"Rosados"},"content":{"rendered":"<style>body{background-color: #f9f9f9;}<\/style>\n<p><script type=\"text\/javascript\" src=\"https:\/\/www.restaurantetrigo.com\/assets\/iframe-resizer-master\/js\/iframeResizer.contentWindow.min.js\" defer><\/script><\/p>\n<h4>CASTILLA Y LE\u00d3N<\/h4>\n<h5>D.O. CIGALES<\/h5>\n<ul>\n<li>Agr\u00edcola Cigale\u00f1a\n<ul>\n<li>Hiriart \u00c9lite<\/li>\n<\/ul>\n<\/li>\n<li>Hijos de F\u00e9lix Salas\n<ul>\n<li>F\u00e9lix Salas<\/li>\n<\/ul>\n<\/li>\n<li>Bodegas Hijos de Crescencia Merino\n<ul>\n<li>Vi\u00f1a Catajarros<\/li>\n<\/ul>\n<\/li>\n<li>La Legua\n<ul>\n<li>7 L, Rosado de una noche<\/li>\n<\/ul>\n<\/li>\n<li>Bodegas Hijos de Marcos G\u00f3mez\n<ul>\n<li>Salvueros,\u00a0Garnacha Gris<\/li>\n<\/ul>\n<\/li>\n<li>Bodegas Sinforiano\n<ul>\n<li>Quel\u00edas (Magnum)<\/li>\n<\/ul>\n<\/li>\n<\/ul>\n<h5>D.O. RIBERA DEL DUERO<\/h5>\n<ul>\n<li>Bodegas Cillar de Silos\n<ul>\n<li>Cillar Rosado<\/li>\n<\/ul>\n<\/li>\n<li>Bodegas F\u00e9lix Callejo\n<ul>\n<li>Vi\u00f1a Pilar, Rosado de L\u00e1grima<\/li>\n<\/ul>\n<\/li>\n<li>Bodega\u00a0Neg\u00f3n\u00a0(V\u00edctor Negro Gonz\u00e1lez)\n<ul>\n<li>Neg\u00f3n Ros\u00e9<\/li>\n<\/ul>\n<\/li>\n<li>Dominio del Pidio Rosado (Magnum)<\/li>\n<\/ul>\n<h5>D.O. Toro<\/h5>\n<ul>\n<li>Colegiata Rosado, Bodega Fari\u00f1a<\/li>\n<\/ul>\n<h5>D.O.P. Vino de Calidad Valles de Benavente<\/h5>\n<ul>\n<li>Bodegas Otero\n<ul>\n<li>Valleoscuro<\/li>\n<\/ul>\n<\/li>\n<\/ul>\n<h5>Vino de Mesa de Agricultura Ecol\u00f3gica<\/h5>\n<ul>\n<li>Vi\u00f1edos y Bodegas Pagos de Nona\n<ul>\n<li>Mil Razas, Madera de Casta\u00f1o (Pieros, Bierzo, Le\u00f3n)<\/li>\n<\/ul>\n<\/li>\n<\/ul>\n","protected":false},"excerpt":{"rendered":"<p>CASTILLA Y LE\u00d3N D.O. CIGALES Agr\u00edcola Cigale\u00f1a Hiriart \u00c9lite Hijos de F\u00e9lix Salas F\u00e9lix Salas Bodegas Hijos de Crescencia Merino Vi\u00f1a Catajarros La Legua 7 L, Rosado de una noche Bodegas Hijos de Marcos G\u00f3mez Salvueros,\u00a0Garnacha Gris Bodegas Sinforiano Quel\u00edas (Magnum) D.O. RIBERA DEL DUERO Bodegas Cillar de Silos Cillar Rosado Bodegas F\u00e9lix Callejo Vi\u00f1a [&hellip;]<\/p>\n","protected":false},"author":1,"featured_media":0,"parent":0,"menu_order":0,"comment_status":"closed","ping_status":"closed","template":"","meta":{"footnotes":"","_links_to":"","_links_to_target":""},"class_list":["post-231","page","type-page","status-publish","hentry"],"_links":{"self":[{"href":"https:\/\/www.restaurantetrigo.com\/wp\/wp-json\/wp\/v2\/pages\/231","targetHints":{"allow":["GET"]}}],"collection":[{"href":"https:\/\/www.restaurantetrigo.com\/wp\/wp-json\/wp\/v2\/pages"}],"about":[{"href":"https:\/\/www.restaurantetrigo.com\/wp\/wp-json\/wp\/v2\/types\/page"}],"author":[{"embeddable":true,"href":"https:\/\/www.restaurantetrigo.com\/wp\/wp-json\/wp\/v2\/users\/1"}],"replies":[{"embeddable":true,"href":"https:\/\/www.restaurantetrigo.com\/wp\/wp-json\/wp\/v2\/comments?post=231"}],"version-history":[{"count":3,"href":"https:\/\/www.restaurantetrigo.com\/wp\/wp-json\/wp\/v2\/pages\/231\/revisions"}],"predecessor-version":[{"id":3665,"href":"https:\/\/www.restaurantetrigo.com\/wp\/wp-json\/wp\/v2\/pages\/231\/revisions\/3665"}],"wp:attachment":[{"href":"https:\/\/www.restaurantetrigo.com\/wp\/wp-json\/wp\/v2\/media?parent=231"}],"curies":[{"name":"wp","href":"https:\/\/api.w.org\/{rel}","templated":true}]}}