{"id":233,"date":"2018-04-09T15:43:17","date_gmt":"2018-04-09T15:43:17","guid":{"rendered":"https:\/\/www.restaurantetrigo.com\/wp\/?page_id=233"},"modified":"2024-10-16T01:29:48","modified_gmt":"2024-10-16T01:29:48","slug":"tintos","status":"publish","type":"page","link":"https:\/\/www.restaurantetrigo.com\/wp\/tintos\/","title":{"rendered":"Tintos"},"content":{"rendered":"<style>body{background-color: #f9f9f9;}<\/style>\n<p><script type=\"text\/javascript\" src=\"https:\/\/www.restaurantetrigo.com\/assets\/iframe-resizer-master\/js\/iframeResizer.contentWindow.min.js\" defer><\/script><\/p>\n<h4>CASTILLA Y LE\u00d3N<\/h4>\n<h5>D.O. ARLANZA<\/h5>\n<ul>\n<li>Conf\u00edn, Sabinares &amp; Vi\u00f1as<\/li>\n<li>Nat\u00e1n, Bodegas Buezo<\/li>\n<li>Las Mamblas, Valtravieso<\/li>\n<\/ul>\n<h5>D.O. ARRIBES<\/h5>\n<ul>\n<li>El Hato y El Garabato\n<ul>\n<li>De Buena Jera, Bru\u00f1al<\/li>\n<\/ul>\n<\/li>\n<li>Bru\u00f1al 05, Bodegas Ribera de Pelazas<\/li>\n<\/ul>\n<h5>D.O. BIERZO<\/h5>\n<ul>\n<li>Leiros, Bodega Luzdivina Amigo<\/li>\n<li>Picantal, Bodegas y Vi\u00f1edos Palacio de Canedo<\/li>\n<li>Tes\u00edn de la Campa\u00f1a, Bodega del Abad<\/li>\n<li>Altos de Losada, Losada Vinos de Finca<\/li>\n<li>Pittacum, Aurea, Bodegas Pittacum<\/li>\n<li>Demencia de Autor<\/li>\n<li>Dominio de Tares\n<ul>\n<li>Cepas Viejas Selecci\u00f3n<\/li>\n<\/ul>\n<\/li>\n<li>Viticultor en Valtuille, Ra\u00fal P\u00e9rez\n<ul>\n<li style=\"list-style-type: none;\">\n<ul>\n<li>Ultreia Saint Jacques<\/li>\n<\/ul>\n<\/li>\n<\/ul>\n<\/li>\n<\/ul>\n<h5>D.O. CIGALES<\/h5>\n<ul>\n<li>Agr\u00edcola Cigale\u00f1a\n<ul>\n<li>Candiles de Hiriart (Magnum)<\/li>\n<\/ul>\n<\/li>\n<li>Bodegas Sinforiano\n<ul>\n<li>Sinforiano Rva. Especial<\/li>\n<li>50 Vendimias<\/li>\n<\/ul>\n<\/li>\n<li>Concejo Rva., Bodega Concejo (Magnum)<\/li>\n<li>F\u00e9lix Salas Rva., Hijos de F\u00e9lix Salas<\/li>\n<li>Capricho, La Legua<\/li>\n<li>C\u00e9sar Principe, Bodega C\u00e9sar Pr\u00edncipe<\/li>\n<\/ul>\n<h5>D.O. RIBERA \u00a0DEL \u00a0DUERO<\/h5>\n<ul>\n<li>Valdemonjas Vi\u00f1edos y Vinos\n<ul>\n<li>El Patio de Valdemonjas (Magnum)<\/li>\n<li>Los Tres Dones<\/li>\n<\/ul>\n<\/li>\n<li>Bodegas Cillar de Silos\n<ul>\n<li>Cillar de Silos<\/li>\n<li>Flor de Silos<\/li>\n<li>Vi\u00f1a Amalio<\/li>\n<\/ul>\n<\/li>\n<li>Selecci\u00f3n \u201cLa Aguilera\u201d de Dominio de Cair<\/li>\n<li>Bodegas\u00a0Raiz y Q. P\u00e1ramo de Guzm\u00e1n\n<ul>\n<li>Raiz Voy Ol\u00e9<\/li>\n<\/ul>\n<\/li>\n<li>P\u00edcaro del \u00c1guila, Dominio del \u00c1guila<\/li>\n<li>Erial, Bodega Epifanio Rivera<\/li>\n<li>Neg\u00f3n, Negron Gonz\u00e1lez<\/li>\n<li>Bag\u00fas, Bodegas L\u00f3pez Crist\u00f3bal<\/li>\n<li>Sarmentero, M\u00aa Amparo Repiso Vallejo<\/li>\n<li>Finca Villacreces<\/li>\n<li>\u00e1ster, Finca el Otero, Vi\u00f1edos y Bodegas \u00c1ster<\/li>\n<li>Solideo, Bodega Dehesa de los Can\u00f3nigos<\/li>\n<li>Hacienda Monasterio, Bodegas Hacienda Monasterio<\/li>\n<li>Ali\u00f3n, Bodegas y Vi\u00f1edos Ali\u00f3n<\/li>\n<li>TRE3MANO, Lagar de Proventus<\/li>\n<li>Grupo Vin\u00edcola Marqu\u00e9s de Vargas\n<ul>\n<li>Conde San Crist\u00f3bal (Magnum)<\/li>\n<\/ul>\n<\/li>\n<li>Magna Vides Vi\u00f1as y Vinos (Andrea Sanz y Pablo Arranz)<\/li>\n<li>\u00d3ptimun de Magallanes, Selecci\u00f3n C\u00e9sar Mu\u00f1oz<\/li>\n<li>El Sue\u00f1o de la Alondra, Silvia Gonz\u00e1lez Garc\u00eda<\/li>\n<li>Dos Alas Rojas, Melida Wines<\/li>\n<li>Bosque de Matasnos, Ed.Lim.<\/li>\n<li>Garm\u00f3n, Proyecto Familia Garc\u00eda<\/li>\n<li>Postigo Vergel,\u00a0Tom\u00e1s Postigo, 5\u00ba A\u00f1o<\/li>\n<li>Astrales, Bodegas Los Astrales<\/li>\n<li>Dos Alas Rojas, Melida Wines<\/li>\n<li>Bodegas Tarsus\n<ul>\n<li>Tarsus T3rno, Selecci\u00f3n 3 Parcelas, Teresa Rodr\u00edguez<\/li>\n<\/ul>\n<\/li>\n<li>Preludio Sei Solo, Bodegas y Vi\u00f1edos Sei Solo<\/li>\n<li>Aalto, Bodegas y Vi\u00f1edos<\/li>\n<li>Amaya Arzuaga, Colecci\u00f3n &#8211; Arzuaga Navarro<\/li>\n<li>Don Miguel Rva. &#8211; Comenge Bodegas y Vi\u00f1edos<\/li>\n<li>Bodegas Hnos. P\u00e9rez Pascuas\n<ul>\n<li>Vi\u00f1a Pedrosa, Gran Rva.<\/li>\n<\/ul>\n<\/li>\n<li>Mogar, Bodegas Pagos de Mogar<\/li>\n<li>Bodegas Valduero\n<ul>\n<li>Valduero 6 A\u00f1os<\/li>\n<\/ul>\n<\/li>\n<li>La Loba, Matanza de Soria, Carazo desde 1969<\/li>\n<li>Rento, Bodega Renacimiento de Olivares<\/li>\n<li>Bodegas Trus\n<ul>\n<li>Trus Pico de Luyas, Vino de Finca<\/li>\n<\/ul>\n<\/li>\n<li>Dominio del Pidio, Canto Petirrojo, \u00d3scar Arag\u00f3n<\/li>\n<li>Francisco Barona<\/li>\n<li>Finca y Bodega Pago de Carraovejas\n<ul>\n<li>El Anej\u00f3n<\/li>\n<li>Cuesta de las Liebres<\/li>\n<\/ul>\n<\/li>\n<li>Protos, Selecci\u00f3n\n<ul>\n<li>Protos Gran Rva.<\/li>\n<\/ul>\n<\/li>\n<li>Finca Valdelroble, Bodega F\u00e9lix Callejo<\/li>\n<li>Bodegas Lagar de Isillas\n<ul>\n<li>Col. Esp. Rva. de la Familia<\/li>\n<\/ul>\n<\/li>\n<li>Llanos del Almendro, Dominio de Atauta<\/li>\n<li>Cuentavi\u00f1as, Eduardo Eguren y C\u00eda<\/li>\n<li>Flor de Pingus &#8211; Dominio de Pingus<\/li>\n<li>Bodegas y Vi\u00f1edos Vega Sicilia\n<ul>\n<li>Valbuena 5\u00ba A\u00f1o, Cosecha<\/li>\n<li>Cosecha 2011 \u201cUnico\u00bb<\/li>\n<\/ul>\n<\/li>\n<\/ul>\n<h5>D.O. TORO<\/h5>\n<ul>\n<li>Sin Complejos, Bodegas Gil Luna<\/li>\n<li>El Primer Paso, Dominio del Bendito<\/li>\n<li>Madrem\u00eda, Divina Proporci\u00f3n Bodegas<\/li>\n<li>Aciano, El Pego, A Codadura,\u00a0Alvar de\u00a0Dios Hern\u00e1ndez<\/li>\n<li>Quinta Quietud, Bodega Quinta de la Quietud<\/li>\n<li>Libranza, Bodegas y Pagos Matarredonda<\/li>\n<li>Mois\u00e9s, Bodega Heredad de Uru\u00f1a<\/li>\n<li>Frontaura, Bodega del Palacio de los Frontaura y Victoria<\/li>\n<li>Pintia, Bodegas y Vi\u00f1edos Pintia<\/li>\n<li>Campus, Gran Colegiata, Bodegas Fari\u00f1a<\/li>\n<li>Quinola Su\u00e1rez\n<ul>\n<li>Qu\u00ednola Garage Wine<\/li>\n<\/ul>\n<\/li>\n<li>San Rom\u00e1n Bodegas y Vi\u00f1edos\u00a0(Maurodos)\n<ul>\n<li>San Rom\u00e1n<\/li>\n<li>Cartago Paraje del Pozo<\/li>\n<\/ul>\n<\/li>\n<li>Las Tierras, el Teso Alto, Rodriguez Sanzo<\/li>\n<li>Bodega Dominio del Bendito\n<ul>\n<li>La Cuesta Las Musas<\/li>\n<\/ul>\n<\/li>\n<li>Bodega Numanthia\n<ul>\n<li>Numanthia<\/li>\n<\/ul>\n<\/li>\n<li>Victoriano, Teso La Monja\n<ul>\n<li>Victorino<\/li>\n<\/ul>\n<\/li>\n<\/ul>\n<h5>VINO DE LA TIERRA DE CASTILLA Y LE\u00d3N<\/h5>\n<ul>\n<li>Aciano, El Pego &#8211; Alvar de Dios<\/li>\n<li>Jes\u00fas Yllera, Grupo Yllera<\/li>\n<li>Rupture, Bodegas Valtravieso<\/li>\n<li>El Rosal &#8211; Teo Legido, Bodega La Rovila<\/li>\n<li>Bodegas y Vi\u00f1edos La Mejorada\n<ul>\n<li>Tiento 09<\/li>\n<\/ul>\n<\/li>\n<li>Bodegas Mauro\n<ul>\n<li>Mauro<\/li>\n<li>Terreus<\/li>\n<\/ul>\n<\/li>\n<li>Rolindes, Ricardo Palacios<\/li>\n<li>Ramiro\u2019s<\/li>\n<li>Og\u00f3n &#8211; Bodega Familiar en Esguevillas de Esgueva<\/li>\n<li>Syt\u00e9, Bodegas Castelo de Medina<\/li>\n<li>Cot\u00e9 Granuja<\/li>\n<li>Leda Cepas Viejas, Bodegas Leda<\/li>\n<li>Quinta Sardonia<\/li>\n<li>V Colorado, Cenicienta &#8211; Javier Sanz Viticultores<\/li>\n<\/ul>\n<h5>D.O. SIERRA DE SALAMANCA<\/h5>\n<ul>\n<li>Malahierba, Rufete &#8211; Silvia Roch\u00e9, Sierra de Francia<\/li>\n<\/ul>\n<h5>D.O. LE\u00d3N<\/h5>\n<ul>\n<li>Carrole\u00f3n, Bodega Pardevalles<\/li>\n<li>El M\u00e9dico, Leyenda del P\u00e1ramo<\/li>\n<\/ul>\n<h5>D.O. TIERRA DEL VINO DE ZAMORA<\/h5>\n<ul>\n<li>Bodegas Vi\u00f1as del Cenit\n<ul>\n<li>Cenit, Magnum<\/li>\n<\/ul>\n<\/li>\n<\/ul>\n<h5>VINO DE LA TIERRA DE CASTILLA<\/h5>\n<ul>\n<li>Bodega Familia Dosbarros (MQV)\n<ul>\n<li>La Plazuela<\/li>\n<\/ul>\n<\/li>\n<li>Jes\u00fas M. Recuero Martinez (Viticultor y En\u00f3logo)\n<ul>\n<li>Sigilo, Moravia (Toledo)<\/li>\n<\/ul>\n<\/li>\n<\/ul>\n<h5>D.O.P. VINO DE CALIDAD DE VALTIENDAS<\/h5>\n<ul>\n<li>Pago El Almendro\n<ul>\n<li>\u00d3scar Hernando, Sin Vivir<\/li>\n<\/ul>\n<\/li>\n<\/ul>\n<h5>VINO DE LA TIERRA DE\u00a0C\u00c1DIZ<\/h5>\n<ul>\n<li>Bodegas Luis P\u00e9rez\n<ul>\n<li>Tintilla, Balba\u00edna<\/li>\n<\/ul>\n<\/li>\n<\/ul>\n<ul>\n<li>Bodegas Gonz\u00e1lez Byass\n<ul>\n<li>Finca Moncloa<\/li>\n<\/ul>\n<\/li>\n<li>Bodegas Barbadillo\n<ul>\n<li>Tintilla Nude, Vi\u00f1a Gibalb\u00edn<\/li>\n<\/ul>\n<\/li>\n<\/ul>\n<h5>VINO DE LA TIERRA DE\u00a0EXTREMADURA<\/h5>\n<ul>\n<li>Bodegas Habla\n<ul>\n<li>Habla del Silencio (Magnum)<\/li>\n<\/ul>\n<\/li>\n<\/ul>\n<h5>ALICANTE<\/h5>\n<h5>D.O. Alicante<\/h5>\n<ul>\n<li>Bodegas Enrique Mendoza\n<ul>\n<li>Santa Rosa<\/li>\n<\/ul>\n<\/li>\n<\/ul>\n<h5>D.O. Somontano<\/h5>\n<ul>\n<li>Blecua &#8211; Vi\u00f1as del Vero<\/li>\n<\/ul>\n<h5>IGP Valdejal\u00f3n<\/h5>\n<ul>\n<li>Bodega Epilense de Vinos y Vi\u00f1edos\n<ul>\n<li>Los Frontonio-Telesc\u00f3pico, Fernando Mora y Mario L\u00f3pez<\/li>\n<li>Psicod\u00e9lico<\/li>\n<\/ul>\n<\/li>\n<\/ul>\n<h5>BADAJOZ<\/h5>\n<h5>D.O. Ribera del \u00a0Guadiana<\/h5>\n<ul>\n<li>Bodega Pago Los Balancines\n<ul>\n<li>Huno<\/li>\n<\/ul>\n<\/li>\n<\/ul>\n<h5>CATALU\u00d1A<\/h5>\n<h5>D.O. Montsant<\/h5>\n<ul>\n<li>Venus La Universal &#8211; Sara P\u00e9rez y Ren\u00e9 Barbier<\/li>\n<\/ul>\n<h5>D.O. Pened\u00e9s<\/h5>\n<ul>\n<li>Par\u00e9s Balt\u00e0\n<ul>\n<li>Hisenda Miret<\/li>\n<\/ul>\n<\/li>\n<li>Bellaterra, Miguel Torres<\/li>\n<\/ul>\n<h5>D.O. Pla de Bages<\/h5>\n<ul>\n<li>Collbaix &#8211; Celler el Mol\u00ed, Colina de Colbaix &#8211; Sierra de Monserrat, Manresa<\/li>\n<\/ul>\n<h5>D.O.Q. Priorat<\/h5>\n<ul>\n<li>Nerin Terra, Didier y Jean Belondrade en Torroja del Priorat<\/li>\n<li>\u00c1lvaro Palacios\n<ul>\n<li>Camins del Priorat<\/li>\n<\/ul>\n<\/li>\n<\/ul>\n<h5>D.O. Costers del Segre<\/h5>\n<ul>\n<li>Purgatorio, Miguel Torres<\/li>\n<\/ul>\n<div>\n<h5>GALICIA<\/h5>\n<h5>D.O. Rias Baixas<\/h5>\n<ul>\n<li>Bodega Pedralonga\n<ul>\n<li>Val do Umia, Francisco Reboreda Godos<\/li>\n<li>Doumia<\/li>\n<\/ul>\n<\/li>\n<li>Goliardo, Bodegas Forjas del Saln\u00e9s<\/li>\n<\/ul>\n<div>\n<h5>D.O. Ribera Sacra<\/h5>\n<ul>\n<li>Algueira Pizarra, Bodega Algueira Viticultor, Fernando Gonz\u00e1lez<\/li>\n<li>Gu\u00edmaro, Pedro Manuel Rodr\u00edguez P\u00e9rez<\/li>\n<\/ul>\n<\/div>\n<\/div>\n<h5>Vino de la Tierra de Galicia<\/h5>\n<ul>\n<li>Lagar de Sabariz\n<ul>\n<li>Soul do Costi\u00f1a<\/li>\n<li>Soul do Beiro<\/li>\n<\/ul>\n<\/li>\n<\/ul>\n<h5>LA RIOJA<\/h5>\n<h5>D.O. Ca. Rioja<\/h5>\n<ul>\n<li>Mac\u00e1n, Benjam\u00edn de Rothschild \u00a0&amp; \u00a0Vega-Sicilia<\/li>\n<li>Abel Mendoza, Graciano Grano a Grano<\/li>\n<li>Muga Selecci\u00f3n Especial, Bodegas Muga &#8211; Haro<\/li>\n<li>Finca Martelo, Torre de O\u00f1a &#8211; La Guardia<\/li>\n<li>Cerro de las Cuevas, Bodegas y Vi\u00f1edos de G\u00f3mez Cruzado<\/li>\n<li>La Cueva de Contador, Vinos de Benjam\u00edn Romeo<\/li>\n<li>\u00c1ngeles de Amaren &#8211; Bodegas Amaren<\/li>\n<li>Bodegas Miguel Merino,\u00a0Unum<\/li>\n<li>Baynos, Ba\u00f1os de Ebro &#8211; Bodegas Mauro<\/li>\n<li>El Puntido, Vi\u00f1edos de P\u00e1ganos &#8211; Familia Eguren<\/li>\n<li>Bodegas Sierra Cantabria, San Vicente\n<ul>\n<li>Sierra Cantabria, Colecci\u00f3n Privada<\/li>\n<\/ul>\n<\/li>\n<\/ul>\n<div class=\"col-xs-12 col-md-6 col-lg-4\">\n<h5>MADRID<\/h5>\n<h5>D.O. Vinos de Madrid<\/h5>\n<ul>\n<li>Bodega y Vi\u00f1edos Bernabeleva\n<ul>\n<li>Navaherreros, Garnacha de Bernabeleva<\/li>\n<\/ul>\n<\/li>\n<\/ul>\n<h5>MURCIA<\/h5>\n<h5>D.O. Jumila<\/h5>\n<ul>\n<li>Bodegas Juan Gil\n<ul>\n<li>Juan Gil (Magnum)<\/li>\n<\/ul>\n<\/li>\n<\/ul>\n<h5>TOLEDO<\/h5>\n<h5>D.O. M\u00e9ntrida<\/h5>\n<ul>\n<li>Bodegas Jim\u00e9nez Landi\n<ul>\n<li>Pi\u00e9lago<\/li>\n<\/ul>\n<\/li>\n<\/ul>\n<h5>D.O.\u00a0Dominio de Valdepusa<\/h5>\n<ul>\n<li>Pagos de Familia Marqu\u00e9s de Gri\u00f1\u00f3n, Syrah<\/li>\n<\/ul>\n<h5>VALENCIA<\/h5>\n<h5>D.O. Utiel Requena<\/h5>\n<ul>\n<li>Sentencia (Los Pedrones) Bodegas y Vi\u00f1edos Sentencia, Juan Pedr\u00f3n<\/li>\n<li>Finca La Beata, Dominio de la Vega<\/li>\n<\/ul>\n<h4>D.O.P. VINOS DE CALIDAD DE LA ISLAS CANARIAS<\/h4>\n<ul>\n<li>Jabel, Antonio Manuel Exp\u00f3sito Ramos (La Laguna)<\/li>\n<li>Gallo, Alejandro Gallo Chana<\/li>\n<\/ul>\n<p><b>D.O. EL HIERRO\u00a0<\/b><\/p>\n<ul>\n<li>Vi\u00f1a Frontera, Sociedad Cooperativa del Campo \u201cFrontera\u201d<\/li>\n<\/ul>\n<h4>TINTOS INTERNACIONALES<\/h4>\n<h5>NUEVO MUNDO<\/h5>\n<h5>ARGENTINA<\/h5>\n<h5>Mendoza<\/h5>\n<h5>Valle de Uco<\/h5>\n<ul>\n<li>Finca Ferrer, Malbec (Gualtallary)<\/li>\n<\/ul>\n<h5>CHILE<\/h5>\n<h5>Valle Central<\/h5>\n<ul>\n<li>Miguel Torres\n<ul>\n<li>Santa Digna, Carmenere<\/li>\n<\/ul>\n<\/li>\n<\/ul>\n<h5>Aconcagua Valley<\/h5>\n<ul>\n<li>Vi\u00f1a Err\u00e1zuriz\n<ul>\n<li>Err\u00e1zuriz, Carmenere<\/li>\n<\/ul>\n<\/li>\n<\/ul>\n<h5>ESTADOS UNIDOS<\/h5>\n<h5>CALIFORNIA<\/h5>\n<h5>Central Coast<\/h5>\n<ul>\n<li>Nicky Hahn\n<ul>\n<li>Meritage<\/li>\n<\/ul>\n<\/li>\n<\/ul>\n<h5>Santa Barbara<\/h5>\n<ul>\n<li>Jim Clendenen\n<ul>\n<li>Au Bon Climat, Pinot Noir<\/li>\n<\/ul>\n<\/li>\n<\/ul>\n<h5>North Coast, Napa County<\/h5>\n<h5>Napa Valley<\/h5>\n<ul>\n<li>Heidi Peterson Barrett\n<ul>\n<li>La Sirena 10<\/li>\n<\/ul>\n<\/li>\n<li>Joseph Phelps\n<ul>\n<li>Insignia 12<\/li>\n<\/ul>\n<\/li>\n<li>King Richard II\n<ul>\n<li>Realm Cellars 13<\/li>\n<\/ul>\n<\/li>\n<li>Lokoya, Mount Vender\n<ul>\n<li>Lokoya 12<\/li>\n<\/ul>\n<\/li>\n<li>Robert Mondavi &#8211; Baron Philippe de Rothschild\n<ul>\n<li>Opus One 10<\/li>\n<li>Opus One 12<\/li>\n<\/ul>\n<\/li>\n<\/ul>\n<h5>VIEJO MUNDO<\/h5>\n<h5>ALEMANIA<\/h5>\n<h5>Mosel<\/h5>\n<ul>\n<li>Markus Molitor, Renania<\/li>\n<\/ul>\n<h5>FRANCIA<\/h5>\n<h5>Borgo\u00f1a<\/h5>\n<h4>Chablis<\/h4>\n<ul>\n<li>Simonnet &#8211; Febvre<\/li>\n<\/ul>\n<h4>AOC M\u00e2con<\/h4>\n<ul>\n<li>Mac\u00f4n &#8211; Rouge, Maconnais, La Maison R\u00e9gnard<\/li>\n<\/ul>\n<h4>AOC Ch\u00e2teauneuf-du-Pape<\/h4>\n<ul>\n<li>Ch\u00e2teau de Beaucastel &#8211; Famille Perrin<\/li>\n<\/ul>\n<h4>C\u00f4te d&#8217;Or<\/h4>\n<ul>\n<li>Domaine Matrot (Thierry et Pascale Matrot)\n<ul>\n<li>Bourgongne<\/li>\n<\/ul>\n<\/li>\n<\/ul>\n<h4>C\u00f4te de Nuits<\/h4>\n<ul>\n<li>Domaine Olivier Guyot\n<ul>\n<li>Cuv\u00e9e Clos des Vignes<\/li>\n<\/ul>\n<\/li>\n<\/ul>\n<h5>Burdeos<\/h5>\n<h4>Gironde<\/h4>\n<ul>\n<li>Francis Courselle\n<ul>\n<li>Clos Sainte-Anne<\/li>\n<\/ul>\n<\/li>\n<li>C.&amp; Jean-Luc Hubert\n<ul>\n<li>Ch\u00e2teau la Grolet, L&#8217;\u00c9glantier<\/li>\n<\/ul>\n<\/li>\n<\/ul>\n<h4>AOC Margaux<\/h4>\n<ul>\n<li>Blason D\u2019Issan &#8211; Chateau D\u2019Issan, Cantenac<\/li>\n<li>Ch\u00e2teau La Tour de Mons, Medoc<\/li>\n<\/ul>\n<h4>Pomerol<\/h4>\n<ul>\n<li>L\u2019Hospitalet de Gazin<\/li>\n<li>Roland Fonteneau\n<ul>\n<li>La B\u00e9casse<\/li>\n<\/ul>\n<\/li>\n<\/ul>\n<h4>Saint-Emilion<\/h4>\n<ul>\n<li>Petit- Figeac &#8211; Ch\u00e2teau Figeac, 1er Grand Cru Class\u00e9 &#8211; Fr\u00e9d\u00e9ric Faye<\/li>\n<li>Ch\u00e2teau Valandrau, 1er Grand Cru Class\u00e9 &#8211; Jean-Luc Thunevin y Murielle Andraud<\/li>\n<\/ul>\n<h4>AOC Pensacola-L\u00e9ognan<\/h4>\n<ul>\n<li>Domaine de Chevalier, Grand Cru de Graves &#8211; Famille Bernard<\/li>\n<\/ul>\n<h4>AOC Coteaux de Languedoc<\/h4>\n<p>Pic Saint-Loup AOC<\/p>\n<ul>\n<li>Domaine de L\u2019 Hortus, Grand Cuv\u00e9e &#8211; Famille Orliac, Valfaun\u00e8s (Val de Montferrand)<\/li>\n<\/ul>\n<h4>C\u00f4tes-du-Rh\u00f4ne<\/h4>\n<ul>\n<li>Domaine Gramenon Aubery-Laurent\n<ul>\n<li>L&#8217; \u00e9l\u00e9mentaire de Gramenon<\/li>\n<\/ul>\n<\/li>\n<\/ul>\n<h5>ITALIA<\/h5>\n<h5>D.O.C. Borgheri Superiore<\/h5>\n<ul>\n<li>Tenuta dell &#8216; Ornellaia\n<ul>\n<li>Ornellaia 00<\/li>\n<\/ul>\n<\/li>\n<\/ul>\n<h5>Cuneo Piamonte<\/h5>\n<ul>\n<li>Azienda Agricola Ceretto, San Casiano, Alba\n<ul>\n<li>Monsordo Bernardina, Bernardina<\/li>\n<li>Barbaresco DOCG, Barbaresco<\/li>\n<\/ul>\n<\/li>\n<\/ul>\n<ul>\n<li>Castiglione Falletto\n<ul>\n<li>Bricco Rocche<\/li>\n<li>Barolo DOCG<\/li>\n<li>Brunate 07<\/li>\n<\/ul>\n<\/li>\n<\/ul>\n<h5>IGT Venezia Giulia<\/h5>\n<ul>\n<li>V\u00e9rtigo, Livio Felluga, Stefano Chioccioli, Viorel Flocea<\/li>\n<\/ul>\n<h5>IGT Toscana<\/h5>\n<ul>\n<li>Ca \u2018 Marcanda Promis, La Maremma &#8211; Bodega Gaja<\/li>\n<\/ul>\n<h5>PORTUGAL<\/h5>\n<h5>D.O.C. DOURO<\/h5>\n<ul>\n<li>Jose Mar\u00eda da Fonseca &amp; Vanzeller\n<ul>\n<li>Quinta Vale Dona Maria<\/li>\n<\/ul>\n<\/li>\n<li>F. Olazabal &amp; Filhos\n<ul>\n<li>Quinta do Vale Me\u00e2o<\/li>\n<\/ul>\n<\/li>\n<li>Quinta Do Crasto, Tinta Roriz &#8211; Familia Leonor y Jorge Roquette<\/li>\n<li>Cedro do Noval, Quinta do Noval &#8211; Vila Nova de Gaia<\/li>\n<li>Xisto Ilimitado, Luis Seabra &#8211; Valle del Douro<\/li>\n<\/ul>\n<p><b>D\u00c2O D.O.C.<\/b><\/p>\n<ul>\n<li>Vinha Paz Rva., Antonio Canto Moniz &#8211; Silgueiros<\/li>\n<\/ul>\n<p><b>ALENTEJO D.O.C.<\/b><\/p>\n<ul>\n<li>Moch\u00e2o, Vinhos da Cavaca Dourada<\/li>\n<\/ul>\n<p><b>D.O.C. BAIRRADA<\/b><\/p>\n<ul>\n<li>Vad\u00edo, Luis P\u00e2trao<\/li>\n<li>Rol de Caisas Antiguas, Campolargo &#8211; Beiras<\/li>\n<\/ul>\n<\/div>\n","protected":false},"excerpt":{"rendered":"<p>CASTILLA Y LE\u00d3N D.O. ARLANZA Conf\u00edn, Sabinares &amp; Vi\u00f1as Nat\u00e1n, Bodegas Buezo Las Mamblas, Valtravieso D.O. ARRIBES El Hato y El Garabato De Buena Jera, Bru\u00f1al Bru\u00f1al 05, Bodegas Ribera de Pelazas D.O. BIERZO Leiros, Bodega Luzdivina Amigo Picantal, Bodegas y Vi\u00f1edos Palacio de Canedo Tes\u00edn de la Campa\u00f1a, Bodega del Abad Altos de Losada, [&hellip;]<\/p>\n","protected":false},"author":1,"featured_media":0,"parent":0,"menu_order":0,"comment_status":"closed","ping_status":"closed","template":"","meta":{"footnotes":"","_links_to":"","_links_to_target":""},"class_list":["post-233","page","type-page","status-publish","hentry"],"_links":{"self":[{"href":"https:\/\/www.restaurantetrigo.com\/wp\/wp-json\/wp\/v2\/pages\/233","targetHints":{"allow":["GET"]}}],"collection":[{"href":"https:\/\/www.restaurantetrigo.com\/wp\/wp-json\/wp\/v2\/pages"}],"about":[{"href":"https:\/\/www.restaurantetrigo.com\/wp\/wp-json\/wp\/v2\/types\/page"}],"author":[{"embeddable":true,"href":"https:\/\/www.restaurantetrigo.com\/wp\/wp-json\/wp\/v2\/users\/1"}],"replies":[{"embeddable":true,"href":"https:\/\/www.restaurantetrigo.com\/wp\/wp-json\/wp\/v2\/comments?post=233"}],"version-history":[{"count":40,"href":"https:\/\/www.restaurantetrigo.com\/wp\/wp-json\/wp\/v2\/pages\/233\/revisions"}],"predecessor-version":[{"id":7250,"href":"https:\/\/www.restaurantetrigo.com\/wp\/wp-json\/wp\/v2\/pages\/233\/revisions\/7250"}],"wp:attachment":[{"href":"https:\/\/www.restaurantetrigo.com\/wp\/wp-json\/wp\/v2\/media?parent=233"}],"curies":[{"name":"wp","href":"https:\/\/api.w.org\/{rel}","templated":true}]}}