{"id":26,"date":"2018-01-05T09:25:26","date_gmt":"2018-01-05T09:25:26","guid":{"rendered":"https:\/\/www.restaurantetrigo.com\/wp\/?page_id=26"},"modified":"2023-02-24T10:33:19","modified_gmt":"2023-02-24T10:33:19","slug":"terminos-legales-y-condiciones","status":"publish","type":"page","link":"https:\/\/www.restaurantetrigo.com\/wp\/terminos-legales-y-condiciones\/","title":{"rendered":"Terminos legales y condiciones."},"content":{"rendered":"<h3>AVISO\u00a0 LEGAL<br \/>\nTITULAR DEL SITIO WEB<\/h3>\n<ul>\n<li>Raz\u00f3n social: Trigo Candeal SL<\/li>\n<li>CIF: B47584685<\/li>\n<li>Domicilio social: c\\ Tintes 8 \u2013 47002 Valladolid<\/li>\n<li>Contacto: Tel.: 983115500<\/li>\n<li>E-mail: info@restaurantetrigo.com<\/li>\n<li>Datos de Inscripci\u00f3n en el Registro Mercantil de Valladolid:<br \/>\no Tomo 1239 General<br \/>\no Folio 198<br \/>\no Hoja VA 18837<\/li>\n<\/ul>\n<h3>\nC\u00d3DIGOS DE CONDUCTA<\/h3>\n<p>Toda persona que acceda a este sitio web asume el papel de usuario, comprometi\u00e9ndose a la observancia y cumplimiento riguroso de las disposiciones aqu\u00ed dispuestas, as\u00ed como a cualquier otra disposici\u00f3n legal que fuera de aplicaci\u00f3n.<br \/>\nEl prestador se exime de cualquier tipo de responsabilidad derivada de la informaci\u00f3n publicada en su sitio web y por la falta de disponibilidad (ca\u00eddas) del sitio el cual efectuar\u00e1<br \/>\nadem\u00e1s paradas peri\u00f3dicas por mantenimientos t\u00e9cnicos.<br \/>\nAdem\u00e1s, el prestador se reserva el derecho a modificar cualquier tipo de informaci\u00f3n que pudiera aparecer en el sitio web, sin que exista obligaci\u00f3n de preavisar o poner en conocimiento de los usuarios dichas obligaciones, entendi\u00e9ndose como suficiente con la publicaci\u00f3n en el sitio web del prestador.<br \/>\nDesde el sitio web del cliente es posible que se redirija a contenidos de terceros sitios web.<br \/>\nDado que el prestador no puede controlar siempre los contenidos introducidos por los terceros en sus sitios web, \u00e9ste no asume ning\u00fan tipo de responsabilidad respecto a dichos contenidos. En todo caso, el prestador se compromete a la retirada inmediata de cualquier contenido que pudiera contravenir la legislaci\u00f3n nacional o internacional, la moral o el orden<br \/>\np\u00fablico, procediendo a la retirada inmediata de la redirecci\u00f3n a dicho sitio web, poniendo en conocimiento de las autoridades competentes el contenido en cuesti\u00f3n.<\/p>\n<p>&nbsp;<\/p>\n<h3>PROTECCI\u00d3N DE DATOS<br \/>\nPERSONALES<\/h3>\n<p>El prestador cumple con la normativa espa\u00f1ola de protecci\u00f3n de datos de car\u00e1cter personal, y<br \/>\ngarantiza el cumplimiento \u00edntegro de las obligaciones dispuestas en el Reglamento<br \/>\n2016\/679 del Parlamento Europeo y del Consejo, de 27 de abril de 2016, relativo a la<br \/>\nprotecci\u00f3n de las personas f\u00edsicas en cuanto al tratamiento y la libre circulaci\u00f3n de datos<br \/>\npersonales (en adelante, RGPD) y dem\u00e1s normativa vigente en cada momento, y vela por<br \/>\ngarantizar un correcto uso y tratamiento de los datos personales del usuario.<\/p>\n<p>SEG\u00daN LO ESTABLECIDO EN EL ART\u00cdCULO 5 DEL RGPD<\/p>\n<p>Los datos personales ser\u00e1n tratados de manera l\u00edcita, leal y transparente en relaci\u00f3n con el<br \/>\ninteresado.<br \/>\nLos datos se recoger\u00e1n exclusivamente para los fines descritos y no ser\u00e1n tratados<br \/>\nulteriormente de manera incompatible con dichos fines.<br \/>\nLos datos ser\u00e1n adecuados, pertinentes y limitados a lo necesario en relaci\u00f3n con los fines para<br \/>\nlos que son tratados.<br \/>\nLos datos ser\u00e1n exactos, y si fuera necesario, actualizados. Se adoptar\u00e1n todas las medidas<br \/>\nrazonables para que se supriman o rectifiquen sin dilaci\u00f3n si los datos son inexactos con<br \/>\nrespecto a los finales para los que se tratan.<br \/>\nLos datos se mantendr\u00e1n de forma que se permita la identificaci\u00f3n de los interesados durante<br \/>\nno m\u00e1s tiempo del necesario para los fines del tratamiento de los datos personales.<br \/>\nLos datos se tratar\u00e1n de tal manera que se garantice una seguridad adecuada mediante la<br \/>\naplicaci\u00f3n de medidas de control apropiadas.<\/p>\n<p>RESPONSABLE DEL TRATAMIENTO DE SUS DATOS<br \/>\nRaz\u00f3n social: Trigo Candeal SL<br \/>\nCIF: B47584685<br \/>\nDomicilio social: c\\ Tintes 8 \u2013 47002 Valladolid<br \/>\nContacto: Tel.: 983115500<br \/>\nE-mail: info@restaurantetrigo.com<\/p>\n<h3>\nFINALIDAD DEL TRATAMIENTO DE SUS DATOS PERSONALES<\/h3>\n<p>En RestauranteTrigo.com tratamos la informaci\u00f3n que nos facilitan las personas interesadas<br \/>\ncon el fin \u00fanico para que se solicitan (respuesta a consultas, gesti\u00f3n de reservas, etc.) con el fin<br \/>\nde mantenerle informado en asuntos de su inter\u00e9s. No se tomar\u00e1n decisiones automatizadas<br \/>\nen base a dicho perfil.<br \/>\nSus datos, ser\u00e1n conservados el tiempo m\u00ednimo necesario para la correcta prestaci\u00f3n del<br \/>\nservicio ofrecido, as\u00ed como para atender las responsabilidades que se pudieran derivar del<br \/>\nmismo y de cualquier otra exigencia legal.<\/p>\n<h3>\nLEGITIMACI\u00d3N PARA EL TRATAMIENTO DE SUS DATOS<\/h3>\n<p>La base legal para el tratamiento de sus datos personales puede ser la ejecuci\u00f3n de una<br \/>\nrelaci\u00f3n contractual potencial y\/o suscrita, el inter\u00e9s leg\u00edtimo, la habilitaci\u00f3n legal y\/o el<br \/>\nconsentimiento del propio interesado. Los datos que le solicitamos son adecuados, pertinentes<br \/>\ny estrictamente necesarios y en ning\u00fan caso est\u00e1 obligado a facilit\u00e1rnoslos, pero su no<br \/>\ncomunicaci\u00f3n podr\u00e1 afectar a la finalidad del servicio o la imposibilidad de prestarlo.<\/p>\n<h3>\nDESTINATARIOS A LOS QUE SE COMUNICAR\u00c1N SUS DATOS<\/h3>\n<p>El prestador se declara completamente en contra del env\u00edo de comunicaciones comerciales no<br \/>\nsolicitadas y a cualquier tipo de conducta o manifestaci\u00f3n conocida como spam, asimismo se<br \/>\ndeclara comprometido con la lucha contra este tipo de pr\u00e1cticas abusivas. Por tanto, el<br \/>\nprestador garantiza al usuario a que bajo ning\u00fan concepto los datos personales recogidos en el<br \/>\nsitio web ser\u00e1n cedidos, transferidos, ni vendidos a ning\u00fan tercero.<\/p>\n<h3>\nSUS DERECHOS CUANDO NOS FACILITA SUS DATOS<\/h3>\n<p>Cualquier persona tiene derecho a obtener confirmaci\u00f3n sobre c\u00f3mo estamos tratando los<br \/>\ndatos personales que le conciernan, o no.<br \/>\nLas personas interesadas tienen derecho a si acceder a sus datos personales, as\u00ed como a<br \/>\nsolicitar la rectificaci\u00f3n de los datos inexactos o, en su caso, solicitar su supresi\u00f3n cuando,<br \/>\nentre otros motivos, los datos ya no sean necesarios para los fines que fueron recogidos<br \/>\nescribiendo a la direcci\u00f3n de correo-e info@restaurantetrigo.com.<br \/>\nEn determinadas circunstancias, los interesados podr\u00e1n solicitar la limitaci\u00f3n del tratamiento<br \/>\nde sus datos, en cuyo caso \u00fanicamente los conservaremos para el ejercicio o la defensa de<br \/>\nreclamaciones.<br \/>\nEn determinadas circunstancias y por motivos relacionados con su situaci\u00f3n particular, los<br \/>\ninteresados podr\u00e1n oponerse al tratamiento de sus datos. RestauranteTrigo.com dejar\u00e1 de<br \/>\ntratar los datos, salvo por motivos leg\u00edtimos imperiosos, o el ejercicio o la defensa de posibles<br \/>\nreclamaciones.<br \/>\nLos titulares de los datos personales obtenidos podr\u00e1n ejercer sus derechos de protecci\u00f3n de<br \/>\ndatos personales dirigiendo una comunicaci\u00f3n por escrito al domicilio social de Restaurante<br \/>\nTrigo o a info@restaurantetrigo.com, incluyendo en ambos casos fotocopia de su DNI u otro<br \/>\ndocumento de identificaci\u00f3n equivalente.<br \/>\nModelos, formularios y m\u00e1s informaci\u00f3n disponible sobre sus derechos en la p\u00e1gina web de la<br \/>\nautoridad de control nacional, Agencia Espa\u00f1ola de Protecci\u00f3n de Datos, en adelante, AEPD,<br \/>\nwww.agpd.es.<\/p>\n<h3>\nSEGURIDAD Y ACTUALIZACI\u00d3N DE SUS DATOS PERSONALES<\/h3>\n<p>Con el objetivo de salvaguardar la seguridad de sus datos personales, le informamos que<br \/>\nRestauranteTrigo.com ha adoptado todas las medidas t\u00e9cnicas y organizativas necesarias para<br \/>\ngarantizar la seguridad de los datos personales suministrados. Todo ello para evitar su<br \/>\nalteraci\u00f3n, p\u00e9rdida, y\/o tratamientos o accesos no autorizados, tal como exige la normativa, si<br \/>\nbien la seguridad absoluta no existe.<br \/>\nEs importante que, para que podamos mantener sus datos personales actualizados, nos<br \/>\ninforme siempre que se produzca una modificaci\u00f3n de los mismos.<\/p>\n<h3>\nOBTENCI\u00d3N DE SUS DATOS<\/h3>\n<p>Los datos personales que tratamos proceden de los distintos formularios de registro o<br \/>\nsuscripci\u00f3n en RestauranteTrigo.com. No se tratan datos especialmente protegidos.<br \/>\nLas categor\u00edas de datos que se tratan son:<br \/>\n\u2022 Datos de identificaci\u00f3n<br \/>\n\u2022 Direcciones electr\u00f3nicas<\/p>\n<h3>\nCONSENTIMIENTO AL TRATAMIENTO DE LOS DATOS PERSONALES DEL USUARIO<\/h3>\n<p>En el marco de sus actividades, RestauranteTrigo.com puede disponer de la posibilidad de<br \/>\nregistro de usuarios para el env\u00edo de comunicaciones por correo electr\u00f3nico, efectuar<br \/>\ncomentarios en el blog y enviar mensajes a trav\u00e9s del formulario de contacto.<br \/>\nEl usuario, mediante los actos de suscripci\u00f3n al blog, la realizaci\u00f3n comentarios o el formulario<br \/>\nde contacto estar\u00e1 dando su consentimiento expreso al tratamiento de los personales<br \/>\nproporcionados seg\u00fan lo dispuesto en el Reglamento General de Protecci\u00f3n de Datos (RGPD),<br \/>\nnormativa aplicable el 25 de mayo de 2018.<br \/>\nEstos mismos actos implican asimismo el consentimiento expreso del usuario a la transferencia<br \/>\ninternacional de datos que se produce en t\u00e9rminos de la LOPD debido a la ubicaci\u00f3n f\u00edsica de<br \/>\nlas instalaciones de los proveedores arriba mencionados.<br \/>\nLos datos de car\u00e1cter personal solicitados en estas actividades quedar\u00e1n incorporados a un<br \/>\nfichero cuya finalidad es la comunicaci\u00f3n de novedades relativas a RestauranteTrigo.com<br \/>\nactuando como responsable del fichero el prestador. Los campos se\u00f1alados son de<br \/>\ncumplimentaci\u00f3n obligatoria, siendo imposible realizar la finalidad expresada si no se aportan<br \/>\nestos datos. Queda igualmente informado de la posibilidad de ejercitar los derechos que se<br \/>\nindican en el apartado relativo a los \u2018Derechos del usuario\u2019.<\/p>\n<h3>\nDERECHOS DEL USUARIO<\/h3>\n<p>De conformidad con lo establecido en el Reglamento General de Protecci\u00f3n de Datos (RGPD),<br \/>\nse informa al usuario que la finalidad exclusiva de la base de datos de registro es el env\u00edo de<br \/>\ninformaci\u00f3n sobre novedades relacionadas con el sitio web RestauranteTrigo.com.<br \/>\n\u00danicamente los titulares tendr\u00e1n acceso a sus datos y, bajo ning\u00fan concepto, estos datos ser\u00e1n<br \/>\ncedidos, compartidos, transferidos, ni vendidos a ning\u00fan tercero.<br \/>\nDe acuerdo con lo dispuesto en el RGDP, el usuario en cualquier momento podr\u00e1 ejercitar<br \/>\nsus derechos de acceso, rectificaci\u00f3n, cancelaci\u00f3n, y oposici\u00f3n ante el prestador. Para facilitar<br \/>\nel ejercicio de estos derechos, en algunas comunicaciones se podr\u00e1 hacer directamente desde<br \/>\nun enlace de solicitud de baja que redundar\u00e1 en la eliminaci\u00f3n inmediata de los datos<br \/>\npersonales del usuario de nuestra base de datos y siempre por correo electr\u00f3nico escribiendo<br \/>\na info@restaurantetrigo.com.<\/p>\n<h3>\nP R O P I E D A D I N T E L E C T U A L Y U S O D E L O S C O N T E N I D O S<\/h3>\n<p>El sitio web RestauranteTrigo.com, incluyendo a t\u00edtulo enunciativo pero no limitativo su<br \/>\nprogramaci\u00f3n, edici\u00f3n, compilaci\u00f3n y dem\u00e1s elementos necesarios para su funcionamiento,<br \/>\nlos dise\u00f1os, logotipos, texto y\/o gr\u00e1ficos son propiedad del prestador o en su caso dispone de<br \/>\nlicencia o autorizaci\u00f3n expresa por parte de los autores.<br \/>\nCualquier uso no autorizado previamente por parte del prestador ser\u00e1 considerado un<br \/>\nincumplimiento grave de los derechos de propiedad intelectual o industrial del autor.<br \/>\nLos dise\u00f1os, logotipos, texto y\/o gr\u00e1ficos ajenos al prestador y que pudieran aparecer en el<br \/>\nsitio web, pertenecen a sus respectivos propietarios, siendo ellos mismos responsables de<br \/>\ncualquier posible controversia que pudiera suscitarse respecto a los mismos. En todo caso, el<br \/>\nprestador cuenta con la autorizaci\u00f3n expresa y previa por parte de los mismos.<br \/>\nPara realizar cualquier tipo de observaci\u00f3n respecto a posibles incumplimientos de los<br \/>\nderechos de propiedad intelectual o industrial, as\u00ed como sobre cualquiera de los contenidos<br \/>\ndel sitio web, puede hacerlo a trav\u00e9s del formulario de contacto que se mantiene en el sitio<br \/>\nweb.<\/p>\n<h3>\nL E Y A P L I C A B L E , J U R I S D I C C I \u00d3 N<\/h3>\n<p>Para la resoluci\u00f3n de todas las controversias o cuestiones relacionadas con el presente sitio<br \/>\nweb o de las actividades en \u00e9l desarrolladas, ser\u00e1 de aplicaci\u00f3n la legislaci\u00f3n espa\u00f1ola, a la que<br \/>\nse someten expresamente las partes.<\/p>\n<p>&nbsp;<\/p>\n<h3>A P L I C A C I O N E S D E T E R C E R O S GOOGLE ANALYTICS<\/h3>\n<p>Google Analytics es un servicio de an\u00e1lisis de datos y estad\u00edsticas prestado por la<br \/>\nempresa Google (pol\u00edtica de privacidad). RestauranteTrigo.com utiliza este servicio para<br \/>\nrealizar un seguimiento de las estad\u00edsticas de uso del mismo.<br \/>\nGoogle Analytics utiliza cookies para ayudar al sitio web a analizar datos estad\u00edsticos sobre el<br \/>\nuso del mismo (n\u00famero de visitas totales, p\u00e1ginas m\u00e1s vistas, etc.). La informaci\u00f3n que genera<br \/>\nla cookie (incluyendo su direcci\u00f3n IP) ser\u00e1 directamente transmitida y archivada por Google en<br \/>\nsus servidores.<br \/>\nGoogle usar\u00e1 esta informaci\u00f3n por cuenta nuestra con el prop\u00f3sito de generar informaci\u00f3n<br \/>\nestad\u00edsticas sobre el uso de RestauranteTrigo.com, Google no asociar\u00e1 su direcci\u00f3n IP con<br \/>\nning\u00fan otro dato del que disponga Google. Google podr\u00e1 transmitir dicha informaci\u00f3n a<br \/>\nterceros cuando as\u00ed se lo requiera la legislaci\u00f3n, o cuando dichos terceros procesen la<br \/>\ninformaci\u00f3n por cuenta de Google.<br \/>\nPuede Ud. rechazar el tratamiento de los datos o la informaci\u00f3n rechazando el uso de cookies<br \/>\nmediante la selecci\u00f3n de la configuraci\u00f3n apropiada de su navegador, sin embargo, de hacerlo,<br \/>\nlimitar\u00e1 la plena funcionalidad de RestauranteTrigo.com. Al utilizar este sitio web, da su<br \/>\nconsentimiento al tratamiento de informaci\u00f3n por Google en la forma y para los fines arriba<br \/>\nindicados.<\/p>\n<h3>\nCOOKIES<\/h3>\n<p>RestauranteTrigo.com utiliza cookies (peque\u00f1os archivos de texto que el servidor env\u00eda al<br \/>\nordenador de quien accede a la p\u00e1gina). Se trata de una t\u00e9cnica usada de manera habitual en<br \/>\nInternet para llevar a cabo determinadas funciones que son consideradas imprescindibles para<br \/>\nel correcto funcionamiento y visualizaci\u00f3n del sitio. Las cookies utilizadas en ning\u00fan caso se<br \/>\nutilizar\u00e1n para recoger informaci\u00f3n de car\u00e1cter personal.<\/p>\n<p><a href=\"https:\/\/www.restaurantetrigo.com\/wp\/wp-content\/uploads\/2018\/07\/restaurante-trigo-cookies-2.jpg\"><img loading=\"lazy\" decoding=\"async\" class=\"aligncenter size-full wp-image-344\" src=\"https:\/\/www.restaurantetrigo.com\/wp\/wp-content\/uploads\/2018\/07\/restaurante-trigo-cookies-2.jpg\" alt=\"\" width=\"1000\" height=\"458\" srcset=\"https:\/\/www.restaurantetrigo.com\/wp\/wp-content\/uploads\/2018\/07\/restaurante-trigo-cookies-2.jpg 1000w, https:\/\/www.restaurantetrigo.com\/wp\/wp-content\/uploads\/2018\/07\/restaurante-trigo-cookies-2-300x137.jpg 300w, https:\/\/www.restaurantetrigo.com\/wp\/wp-content\/uploads\/2018\/07\/restaurante-trigo-cookies-2-768x352.jpg 768w, https:\/\/www.restaurantetrigo.com\/wp\/wp-content\/uploads\/2018\/07\/restaurante-trigo-cookies-2-100x46.jpg 100w\" sizes=\"auto, (max-width: 1000px) 100vw, 1000px\" \/><\/a><\/p>\n<h2>Condiciones de Compra<\/h2>\n<h4>Pol\u00edtica de entrega<\/h4>\n<p>El c\u00f3digo justificativo de compra que permite canjear la \u201cExperiencia T\u201d se har\u00e1 llegar al cliente mediante un correo electr\u00f3nico a la direcci\u00f3n de email facilitada durante el proceso de compra. El correo se env\u00eda mediante un proceso automatizado en un plazo inferior a 1 hora.<\/p>\n<p>A efectos de las presentes condiciones se considera que los productos han sido entregados en el momento en el que el email de conformaci\u00f3n es enviado desde el sistema automatizado.<\/p>\n<p>Si por cualquier problema inform\u00e1tico el c\u00f3digo justificativo de la compra no llega al cliente, puede ponerse en contacto con \u201cRestaurante Trigo\u201d a trav\u00e9s del correo \u201cinfo@restaurantetrigo.com\u201d o en el tel\u00e9fono 983115500 y se le har\u00e1 llegar de nuevo el c\u00f3digo justificativo canjeable.<\/p>\n<p>Si desea informaci\u00f3n sobre el servicio de compra, o si quiere conocer la situaci\u00f3n de su pedido, llame al tel\u00e9fono 983115500 o escr\u00edbanos un correo a \u201cinfo@restaurantetrigo.com\u201d y resolveremos sus dudas.<\/p>\n<p>Pol\u00edtica de retorno, devoluci\u00f3n, cancelaci\u00f3n<br \/>\nEl cliente tiene el derecho a devolver el producto en un plazo m\u00e1ximo de 14 d\u00edas siguientes a partir del momento de la entrega (productos no personalizados).<\/p>\n<p>Dado el car\u00e1cter de los productos \u201cExperiencia T\u201d para gestionar la devoluci\u00f3n debe ponerse en contacto con \u201cRestaurante Trigo\u201d a trav\u00e9s del tel\u00e9fono 983115500 o en el correo \u00abinfo@restaurantetrigo.com\u00bb para iniciar el proceso de devoluci\u00f3n.<\/p>\n<p>Edad m\u00ednima de compra<br \/>\nLa edad m\u00ednima para comprar productos en \u201cRestaurante Trigo\u201d es de 18 a\u00f1os, lo cual se acreditar\u00e1 en el proceso automatizado de pedido.<\/p>\n<p>Dudas y consultas sobre la compra<br \/>\nEn caso de duda, por favor consultenos a trav\u00e9s del tel\u00e9fono 983115500, o a trav\u00e9s del correo electr\u00f3nico \u201cinfo@restaurantetrigo.com\u201d.<\/p>\n","protected":false},"excerpt":{"rendered":"<p>AVISO\u00a0 LEGAL TITULAR DEL SITIO WEB Raz\u00f3n social: Trigo Candeal SL CIF: B47584685 Domicilio social: c\\ Tintes 8 \u2013 47002 Valladolid Contacto: Tel.: 983115500 E-mail: info@restaurantetrigo.com Datos de Inscripci\u00f3n en el Registro Mercantil de Valladolid: o Tomo 1239 General o Folio 198 o Hoja VA 18837 C\u00d3DIGOS DE CONDUCTA Toda persona que acceda a este [&hellip;]<\/p>\n","protected":false},"author":1,"featured_media":0,"parent":0,"menu_order":0,"comment_status":"closed","ping_status":"closed","template":"","meta":{"footnotes":"","_links_to":"","_links_to_target":""},"class_list":["post-26","page","type-page","status-publish","hentry"],"_links":{"self":[{"href":"https:\/\/www.restaurantetrigo.com\/wp\/wp-json\/wp\/v2\/pages\/26","targetHints":{"allow":["GET"]}}],"collection":[{"href":"https:\/\/www.restaurantetrigo.com\/wp\/wp-json\/wp\/v2\/pages"}],"about":[{"href":"https:\/\/www.restaurantetrigo.com\/wp\/wp-json\/wp\/v2\/types\/page"}],"author":[{"embeddable":true,"href":"https:\/\/www.restaurantetrigo.com\/wp\/wp-json\/wp\/v2\/users\/1"}],"replies":[{"embeddable":true,"href":"https:\/\/www.restaurantetrigo.com\/wp\/wp-json\/wp\/v2\/comments?post=26"}],"version-history":[{"count":8,"href":"https:\/\/www.restaurantetrigo.com\/wp\/wp-json\/wp\/v2\/pages\/26\/revisions"}],"predecessor-version":[{"id":4770,"href":"https:\/\/www.restaurantetrigo.com\/wp\/wp-json\/wp\/v2\/pages\/26\/revisions\/4770"}],"wp:attachment":[{"href":"https:\/\/www.restaurantetrigo.com\/wp\/wp-json\/wp\/v2\/media?parent=26"}],"curies":[{"name":"wp","href":"https:\/\/api.w.org\/{rel}","templated":true}]}}