{"id":3780,"date":"2022-04-17T15:54:40","date_gmt":"2022-04-17T15:54:40","guid":{"rendered":"https:\/\/www.restaurantetrigo.com\/wp\/?post_type=product&#038;p=3780"},"modified":"2025-11-13T21:05:55","modified_gmt":"2025-11-13T21:05:55","slug":"experiencia-menu-homenaje","status":"publish","type":"product","link":"https:\/\/www.restaurantetrigo.com\/wp\/producto\/experiencia-menu-homenaje\/","title":{"rendered":"Experiencia Men\u00fa Homenaje"},"content":{"rendered":"","protected":false},"excerpt":{"rendered":"<p><em>precio por persona<\/em><br \/>\nEscriba el nombre de la persona a la que va destinado el Bono Regalo, introduzca la direcci\u00f3n de correo electr\u00f3nico a la que se enviaran \u00e9l Bono o los Bonos, puede escribir un mensaje, si lo desea y elija la cantidad de comensales<\/p>\n","protected":false},"featured_media":2906,"comment_status":"closed","ping_status":"closed","template":"","meta":{"_links_to":"","_links_to_target":""},"product_brand":[],"product_cat":[18],"product_tag":[],"class_list":{"0":"post-3780","1":"product","2":"type-product","3":"status-publish","4":"has-post-thumbnail","6":"product_cat-experiencia-trigo","8":"first","9":"instock","10":"downloadable","11":"virtual","12":"taxable","13":"purchasable","14":"product-type-simple"},"_links":{"self":[{"href":"https:\/\/www.restaurantetrigo.com\/wp\/wp-json\/wp\/v2\/product\/3780","targetHints":{"allow":["GET"]}}],"collection":[{"href":"https:\/\/www.restaurantetrigo.com\/wp\/wp-json\/wp\/v2\/product"}],"about":[{"href":"https:\/\/www.restaurantetrigo.com\/wp\/wp-json\/wp\/v2\/types\/product"}],"replies":[{"embeddable":true,"href":"https:\/\/www.restaurantetrigo.com\/wp\/wp-json\/wp\/v2\/comments?post=3780"}],"wp:featuredmedia":[{"embeddable":true,"href":"https:\/\/www.restaurantetrigo.com\/wp\/wp-json\/wp\/v2\/media\/2906"}],"wp:attachment":[{"href":"https:\/\/www.restaurantetrigo.com\/wp\/wp-json\/wp\/v2\/media?parent=3780"}],"wp:term":[{"taxonomy":"product_brand","embeddable":true,"href":"https:\/\/www.restaurantetrigo.com\/wp\/wp-json\/wp\/v2\/product_brand?post=3780"},{"taxonomy":"product_cat","embeddable":true,"href":"https:\/\/www.restaurantetrigo.com\/wp\/wp-json\/wp\/v2\/product_cat?post=3780"},{"taxonomy":"product_tag","embeddable":true,"href":"https:\/\/www.restaurantetrigo.com\/wp\/wp-json\/wp\/v2\/product_tag?post=3780"}],"curies":[{"name":"wp","href":"https:\/\/api.w.org\/{rel}","templated":true}]}}